{"id":199,"date":"2024-07-03T14:10:06","date_gmt":"2024-07-03T14:10:06","guid":{"rendered":"https:\/\/biowines.gr\/new\/?page_id=199"},"modified":"2025-06-13T19:14:09","modified_gmt":"2025-06-13T19:14:09","slug":"home","status":"publish","type":"page","link":"https:\/\/biowines.gr\/de\/","title":{"rendered":"Home"},"content":{"rendered":"<div class=\"wpb-content-wrapper\"><p>[vc_row full_width=&#8220;stretch_row&#8220; css=&#8220;.vc_custom_1720085977743{margin-top: 40px !important;background-color: #f9f8f4 !important;}&#8220;][vc_column width=&#8220;1\/2&#8243; css=&#8220;.vc_custom_1720079091835{padding-bottom: 150px !important;}&#8220;][vc_single_image image=&#8220;49&#8243; img_size=&#8220;full&#8220; alignment=&#8220;center&#8220;][\/vc_column][vc_column width=&#8220;1\/2&#8243;][vc_column_text]<\/p>\n<h1 style=\"font-size: 20px;\">Weingut Papakonstantinou<\/h1>\n<p style=\"font-size: 65px; margin-top: -10px; font-family: font3 !important; line-height: 39px;\">Wir ernten Trauben, wir schaffen Erinnerungen<\/p>\n<p>Mit Respekt vor dem Weinberg und dessen Erde und Reben, mit Leidenschaft f\u00fcr Wein und dem Ziel, jedes Jahr noch besser zu werden, hat unsere Familie das Weingut Papakonstantinou gegr\u00fcndet. Sie finden das Anwesen in Arma-Dimou Tanagra, nur 65 km von Athen entfernt.<\/p>\n<p>Seit seiner Gr\u00fcndung im Jahr 1986 legt unser Weingut die Qualit\u00e4tsma\u00dfst\u00e4be bis heute sehr hoch und kreiert die Rebsorten<strong> Assyrtiko, Roditis und Savvatiano<\/strong> f\u00fcr Wei\u00dfweine sowie Syrah und Grenache Rouge f\u00fcr Rot- und Rotweine.<\/p>\n<p>Ab <strong>1995<\/strong> wurde mit der biologischen Bewirtschaftung der Weinberge begonnen und <strong>1998<\/strong> wurde mit der Produktion der ersten Flaschenweine begonnen.<\/p>\n<p>Seit <strong>2006<\/strong> nimmt das Weingut mit neuen modernen Weinbereitungs- und Abf\u00fcllmethoden eine neue Form an. Nach einem schwierigen, aber erfolgreichen Weg der Bio-Weine in Griechenland und im Ausland begann im Jahr 2010 der biodynamische Anbau des Weinguts. Nach zwei Jahren systematischen biodynamischen Anbaus ist das <strong>Weingut Papakonstantinou<\/strong> das erste Weingut in Griechenland, das von Demeter International die Demeter-Zertifizierung f\u00fcr Anbau und Weinherstellung erhalten hat.[\/vc_column_text][vc_btn title=&#8220;More&#8220; style=&#8220;outline&#8220; color=&#8220;white&#8220; align=&#8220;right&#8220; link=&#8220;url:https%3A%2F%2Fbiowines.gr%2Fde%2Fweingut%2F|title:To%20%CE%9F%CE%B9%CE%BD%CE%BF%CF%80%CE%BF%CE%B9%CE%B5%CE%AF%CE%BF&#8220;][\/vc_column][\/vc_row][vc_row full_width=&#8220;stretch_row&#8220; content_placement=&#8220;middle&#8220; css=&#8220;.vc_custom_1720083631029{padding-top: 150px !important;padding-bottom: 150px !important;background-image: url(https:\/\/biowines.gr\/new\/wp-content\/uploads\/2024\/07\/bg-footer.jpg?id=61) !important;background-position: center !important;background-repeat: no-repeat !important;background-size: cover !important;}&#8220;][vc_column width=&#8220;1\/2&#8243;][vc_column_text]<\/p>\n<p style=\"text-align: center; font-size: 80px; font-family: 'font3' !important; line-height: 40px; color: #a32b30;\">Weinbereitung: Kunst in einer Flasche.<\/p>\n<p style=\"text-align: center; font-size: 20px; margin-top: 30px;\">Entdecken Sie all unsere Etiketten<\/p>\n<p>[\/vc_column_text][vc_btn title=&#8220;More&#8220; style=&#8220;outline&#8220; color=&#8220;white&#8220; align=&#8220;center&#8220; link=&#8220;url:https%3A%2F%2Fbiowines.gr%2Fnew%2Fde%2Fwein%2F|title:%CE%9F%CE%AF%CE%BD%CE%BF%CE%B9&#8243;][\/vc_column][vc_column width=&#8220;1\/2&#8243;][\/vc_column][\/vc_row][vc_row el_class=&#8220;row1&#8243; css=&#8220;.vc_custom_1720085954295{margin-top: 40px !important;}&#8220;][vc_column width=&#8220;1\/4&#8243;][vc_single_image image=&#8220;125&#8243; img_size=&#8220;146&#215;400&#8243; alignment=&#8220;center&#8220; onclick=&#8220;custom_link&#8220; link=&#8220;https:\/\/biowines.gr\/de\/portfolio-item\/syrah-wein\/&#8220;][vc_column_text]<\/p>\n<h3 class=\"product-slide-text arrow_box\"><span class=\"normal-text\">Syrah Red Wine<\/span><\/h3>\n<p>[\/vc_column_text][\/vc_column][vc_column width=&#8220;1\/4&#8243;][vc_single_image image=&#8220;105&#8243; img_size=&#8220;146&#215;400&#8243; alignment=&#8220;center&#8220; onclick=&#8220;custom_link&#8220; link=&#8220;https:\/\/biowines.gr\/de\/portfolio-item\/rose-wein\/&#8220;][vc_column_text]<\/p>\n<h3 class=\"product-slide-text arrow_box\"><span class=\"normal-text\">Syrah Rose Wine <\/span><\/h3>\n<p>[\/vc_column_text][\/vc_column][vc_column width=&#8220;1\/4&#8243;][vc_single_image image=&#8220;129&#8243; img_size=&#8220;146&#215;400&#8243; alignment=&#8220;center&#8220; onclick=&#8220;custom_link&#8220; link=&#8220;https:\/\/biowines.gr\/de\/portfolio-item\/assyrtiko-wein\/&#8220;][vc_column_text]<\/p>\n<h3 class=\"product-slide-text arrow_box\"><span class=\"normal-text\">Assyrtiko Wine<\/span><\/h3>\n<p>[\/vc_column_text][\/vc_column][vc_column width=&#8220;1\/4&#8243;][vc_single_image image=&#8220;131&#8243; img_size=&#8220;146&#215;400&#8243; alignment=&#8220;center&#8220; onclick=&#8220;custom_link&#8220; link=&#8220;https:\/\/biowines.gr\/de\/portfolio-item\/retsina-wein\/&#8220;][vc_column_text]<\/p>\n<h3 class=\"product-slide-text arrow_box\"><span class=\"normal-text\">Retsina<\/span><\/h3>\n<p>[\/vc_column_text][\/vc_column][\/vc_row][vc_row full_width=&#8220;stretch_row_content_no_spaces&#8220; css=&#8220;.vc_custom_1720087696279{margin-bottom: -60px !important;}&#8220;][vc_column width=&#8220;1\/2&#8243;]<div class=\"jag-himg-wrapper sxVjdTJUkP \">\t\n\t<div class=\"jag-hoverimage-card  jag-title-default\" onclick=\"\">\n\t\t\t\t\t<a class=\"jag-wrapper-link\" href=https:\/\/biowines.gr\/de\/weingut\/ >\n\t\t\t\t\t\t\t\t\t\t\t<div class=\"jag-hoverimage-overlay\"><\/div>\n\t\t\t\t\t\t<div class=\"jag-hover-content-wrapper\">\n\t\t\t\t<div class=\"jag-hoverimage-content jag-align-center jag-align-middle\">\n\t\t\t\t\t\t\t\t\t\t\t<div class=\"clearfix\"><\/div>\n\t\t\t\t\t\t<div class=\"jag-hoverimage-title\" style=\"font-family:Abril Fatface; font-weight:400; font-style:normal; \">\n\t\t\t\t\t\t\tDas Anwesen.\t\t\t\t\t\t<\/div>\n\t\t\t\t\t\t\t\t\t\t<div class=\"jag-title-default-wrapper\">\n\t\t\t\t\t\t\t\t\t\t<\/div>\n\t\t\t\t\t\t\t\t\t<\/div>\n\t\t\t<\/div>\n\t\t\t\t\t<\/a>\n\t\t\t<\/div>\n\t<\/div>[\/vc_column][vc_column width=&#8220;1\/2&#8243;]<div class=\"jag-himg-wrapper WMYgAxOSOU \">\t\n\t<div class=\"jag-hoverimage-card  jag-title-default\" onclick=\"\">\n\t\t\t\t\t<a class=\"jag-wrapper-link\" href=https:\/\/biowines.gr\/de\/wein\/ >\n\t\t\t\t\t\t\t\t\t\t\t<div class=\"jag-hoverimage-overlay\"><\/div>\n\t\t\t\t\t\t<div class=\"jag-hover-content-wrapper\">\n\t\t\t\t<div class=\"jag-hoverimage-content jag-align-center jag-align-middle\">\n\t\t\t\t\t\t\t\t\t\t\t<div class=\"clearfix\"><\/div>\n\t\t\t\t\t\t<div class=\"jag-hoverimage-title\" style=\"font-family:Abril Fatface; font-weight:400; font-style:normal; \">\n\t\t\t\t\t\t\tWein\t\t\t\t\t\t<\/div>\n\t\t\t\t\t\t\t\t\t\t<div class=\"jag-title-default-wrapper\">\n\t\t\t\t\t\t\t\t\t\t<\/div>\n\t\t\t\t\t\t\t\t\t<\/div>\n\t\t\t<\/div>\n\t\t\t\t\t<\/a>\n\t\t\t<\/div>\n\t<\/div>[\/vc_column][\/vc_row]<\/p>\n<\/div>","protected":false},"excerpt":{"rendered":"<p>[vc_row full_width=&#8220;stretch_row&#8220; css=&#8220;.vc_custom_1720085977743{margin-top: 40px !important;background-color: #f9f8f4 !important;}&#8220;][vc_column width=&#8220;1\/2&#8243; css=&#8220;.vc_custom_1720079091835{padding-bottom: 150px !important;}&#8220;][vc_single_image image=&#8220;49&#8243; img_size=&#8220;full&#8220; alignment=&#8220;center&#8220;][\/vc_column][vc_column width=&#8220;1\/2&#8243;][vc_column_text] Weingut Papakonstantinou Wir ernten Trauben, wir schaffen Erinnerungen Mit Respekt vor<span class=\"excerpt-hellip\"> [\u2026]<\/span><\/p>\n","protected":false},"author":1,"featured_media":0,"parent":0,"menu_order":0,"comment_status":"closed","ping_status":"closed","template":"","meta":{"footnotes":""},"class_list":["post-199","page","type-page","status-publish","hentry"],"yoast_head":"<!-- This site is optimized with the Yoast SEO plugin v23.7 - https:\/\/yoast.com\/wordpress\/plugins\/seo\/ -->\n<title>Home - Bio Wines - \u03a3\u03c7\u03b7\u03bc\u03b1\u03c4\u03ac\u03c1\u03b9 \u0392\u03bf\u03b9\u03c9\u03c4\u03af\u03b1\u03c2<\/title>\n<meta name=\"robots\" content=\"index, follow, max-snippet:-1, max-image-preview:large, max-video-preview:-1\" \/>\n<link rel=\"canonical\" href=\"https:\/\/biowines.gr\/de\/\" \/>\n<meta property=\"og:locale\" content=\"de_DE\" \/>\n<meta property=\"og:type\" content=\"article\" \/>\n<meta property=\"og:title\" content=\"Home - Bio Wines - \u03a3\u03c7\u03b7\u03bc\u03b1\u03c4\u03ac\u03c1\u03b9 \u0392\u03bf\u03b9\u03c9\u03c4\u03af\u03b1\u03c2\" \/>\n<meta property=\"og:description\" content=\"[vc_row full_width=&#8220;stretch_row&#8220; css=&#8220;.vc_custom_1720085977743{margin-top: 40px !important;background-color: #f9f8f4 !important;}&#8220;][vc_column width=&#8220;1\/2&#8243; css=&#8220;.vc_custom_1720079091835{padding-bottom: 150px !important;}&#8220;][vc_single_image image=&#8220;49&#8243; img_size=&#8220;full&#8220; alignment=&#8220;center&#8220;][\/vc_column][vc_column width=&#8220;1\/2&#8243;][vc_column_text] Weingut Papakonstantinou Wir ernten Trauben, wir schaffen Erinnerungen Mit Respekt vor [\u2026]\" \/>\n<meta property=\"og:url\" content=\"https:\/\/biowines.gr\/de\/\" \/>\n<meta property=\"og:site_name\" content=\"Bio Wines - \u03a3\u03c7\u03b7\u03bc\u03b1\u03c4\u03ac\u03c1\u03b9 \u0392\u03bf\u03b9\u03c9\u03c4\u03af\u03b1\u03c2\" \/>\n<meta property=\"article:modified_time\" content=\"2025-06-13T19:14:09+00:00\" \/>\n<meta name=\"twitter:card\" content=\"summary_large_image\" \/>\n<meta name=\"twitter:label1\" content=\"Gesch\u00e4tzte Lesezeit\" \/>\n\t<meta name=\"twitter:data1\" content=\"3\u00a0Minuten\" \/>\n<script type=\"application\/ld+json\" class=\"yoast-schema-graph\">{\"@context\":\"https:\/\/schema.org\",\"@graph\":[{\"@type\":\"WebPage\",\"@id\":\"https:\/\/biowines.gr\/de\/\",\"url\":\"https:\/\/biowines.gr\/de\/\",\"name\":\"Home - Bio Wines - \u03a3\u03c7\u03b7\u03bc\u03b1\u03c4\u03ac\u03c1\u03b9 \u0392\u03bf\u03b9\u03c9\u03c4\u03af\u03b1\u03c2\",\"isPartOf\":{\"@id\":\"https:\/\/biowines.gr\/#website\"},\"datePublished\":\"2024-07-03T14:10:06+00:00\",\"dateModified\":\"2025-06-13T19:14:09+00:00\",\"breadcrumb\":{\"@id\":\"https:\/\/biowines.gr\/de\/#breadcrumb\"},\"inLanguage\":\"de\",\"potentialAction\":[{\"@type\":\"ReadAction\",\"target\":[\"https:\/\/biowines.gr\/de\/\"]}]},{\"@type\":\"BreadcrumbList\",\"@id\":\"https:\/\/biowines.gr\/de\/#breadcrumb\",\"itemListElement\":[{\"@type\":\"ListItem\",\"position\":1,\"name\":\"\u0391\u03c1\u03c7\u03b9\u03ba\u03ae\",\"item\":\"https:\/\/biowines.gr\/de\/\"},{\"@type\":\"ListItem\",\"position\":2,\"name\":\"Home\"}]},{\"@type\":\"WebSite\",\"@id\":\"https:\/\/biowines.gr\/#website\",\"url\":\"https:\/\/biowines.gr\/\",\"name\":\"Bio Wines - \u03a3\u03c7\u03b7\u03bc\u03b1\u03c4\u03ac\u03c1\u03b9 \u0392\u03bf\u03b9\u03c9\u03c4\u03af\u03b1\u03c2\",\"description\":\"\",\"potentialAction\":[{\"@type\":\"SearchAction\",\"target\":{\"@type\":\"EntryPoint\",\"urlTemplate\":\"https:\/\/biowines.gr\/?s={search_term_string}\"},\"query-input\":{\"@type\":\"PropertyValueSpecification\",\"valueRequired\":true,\"valueName\":\"search_term_string\"}}],\"inLanguage\":\"de\"}]}<\/script>\n<!-- \/ Yoast SEO plugin. -->","yoast_head_json":{"title":"Home - Bio Wines - \u03a3\u03c7\u03b7\u03bc\u03b1\u03c4\u03ac\u03c1\u03b9 \u0392\u03bf\u03b9\u03c9\u03c4\u03af\u03b1\u03c2","robots":{"index":"index","follow":"follow","max-snippet":"max-snippet:-1","max-image-preview":"max-image-preview:large","max-video-preview":"max-video-preview:-1"},"canonical":"https:\/\/biowines.gr\/de\/","og_locale":"de_DE","og_type":"article","og_title":"Home - Bio Wines - \u03a3\u03c7\u03b7\u03bc\u03b1\u03c4\u03ac\u03c1\u03b9 \u0392\u03bf\u03b9\u03c9\u03c4\u03af\u03b1\u03c2","og_description":"[vc_row full_width=&#8220;stretch_row&#8220; css=&#8220;.vc_custom_1720085977743{margin-top: 40px !important;background-color: #f9f8f4 !important;}&#8220;][vc_column width=&#8220;1\/2&#8243; css=&#8220;.vc_custom_1720079091835{padding-bottom: 150px !important;}&#8220;][vc_single_image image=&#8220;49&#8243; img_size=&#8220;full&#8220; alignment=&#8220;center&#8220;][\/vc_column][vc_column width=&#8220;1\/2&#8243;][vc_column_text] Weingut Papakonstantinou Wir ernten Trauben, wir schaffen Erinnerungen Mit Respekt vor [\u2026]","og_url":"https:\/\/biowines.gr\/de\/","og_site_name":"Bio Wines - \u03a3\u03c7\u03b7\u03bc\u03b1\u03c4\u03ac\u03c1\u03b9 \u0392\u03bf\u03b9\u03c9\u03c4\u03af\u03b1\u03c2","article_modified_time":"2025-06-13T19:14:09+00:00","twitter_card":"summary_large_image","twitter_misc":{"Gesch\u00e4tzte Lesezeit":"3\u00a0Minuten"},"schema":{"@context":"https:\/\/schema.org","@graph":[{"@type":"WebPage","@id":"https:\/\/biowines.gr\/de\/","url":"https:\/\/biowines.gr\/de\/","name":"Home - Bio Wines - \u03a3\u03c7\u03b7\u03bc\u03b1\u03c4\u03ac\u03c1\u03b9 \u0392\u03bf\u03b9\u03c9\u03c4\u03af\u03b1\u03c2","isPartOf":{"@id":"https:\/\/biowines.gr\/#website"},"datePublished":"2024-07-03T14:10:06+00:00","dateModified":"2025-06-13T19:14:09+00:00","breadcrumb":{"@id":"https:\/\/biowines.gr\/de\/#breadcrumb"},"inLanguage":"de","potentialAction":[{"@type":"ReadAction","target":["https:\/\/biowines.gr\/de\/"]}]},{"@type":"BreadcrumbList","@id":"https:\/\/biowines.gr\/de\/#breadcrumb","itemListElement":[{"@type":"ListItem","position":1,"name":"\u0391\u03c1\u03c7\u03b9\u03ba\u03ae","item":"https:\/\/biowines.gr\/de\/"},{"@type":"ListItem","position":2,"name":"Home"}]},{"@type":"WebSite","@id":"https:\/\/biowines.gr\/#website","url":"https:\/\/biowines.gr\/","name":"Bio Wines - \u03a3\u03c7\u03b7\u03bc\u03b1\u03c4\u03ac\u03c1\u03b9 \u0392\u03bf\u03b9\u03c9\u03c4\u03af\u03b1\u03c2","description":"","potentialAction":[{"@type":"SearchAction","target":{"@type":"EntryPoint","urlTemplate":"https:\/\/biowines.gr\/?s={search_term_string}"},"query-input":{"@type":"PropertyValueSpecification","valueRequired":true,"valueName":"search_term_string"}}],"inLanguage":"de"}]}},"_links":{"self":[{"href":"https:\/\/biowines.gr\/de\/wp-json\/wp\/v2\/pages\/199","targetHints":{"allow":["GET"]}}],"collection":[{"href":"https:\/\/biowines.gr\/de\/wp-json\/wp\/v2\/pages"}],"about":[{"href":"https:\/\/biowines.gr\/de\/wp-json\/wp\/v2\/types\/page"}],"author":[{"embeddable":true,"href":"https:\/\/biowines.gr\/de\/wp-json\/wp\/v2\/users\/1"}],"replies":[{"embeddable":true,"href":"https:\/\/biowines.gr\/de\/wp-json\/wp\/v2\/comments?post=199"}],"version-history":[{"count":8,"href":"https:\/\/biowines.gr\/de\/wp-json\/wp\/v2\/pages\/199\/revisions"}],"predecessor-version":[{"id":312,"href":"https:\/\/biowines.gr\/de\/wp-json\/wp\/v2\/pages\/199\/revisions\/312"}],"wp:attachment":[{"href":"https:\/\/biowines.gr\/de\/wp-json\/wp\/v2\/media?parent=199"}],"curies":[{"name":"wp","href":"https:\/\/api.w.org\/{rel}","templated":true}]}}