{"id":166,"date":"2024-11-04T13:24:57","date_gmt":"2024-11-04T13:24:57","guid":{"rendered":"https:\/\/biowines.gr\/new\/?page_id=166"},"modified":"2025-05-22T06:30:51","modified_gmt":"2025-05-22T06:30:51","slug":"weingut","status":"publish","type":"page","link":"https:\/\/biowines.gr\/de\/weingut\/","title":{"rendered":"Weingut"},"content":{"rendered":"<div class=\"wpb-content-wrapper\"><p>[vc_row full_width=&#8220;stretch_row&#8220; css=&#8220;.vc_custom_1730724017932{background-image: url(https:\/\/biowines.gr\/new\/wp-content\/uploads\/2024\/11\/oinoi.jpg?id=151) !important;}&#8220;][vc_column css=&#8220;.vc_custom_1730467713027{padding-top: 200px !important;padding-bottom: 200px !important;}&#8220;][vc_column_text]<\/p>\n<h1 style=\"color: #ffffff !important;\"><strong style=\"color: #ffffff !important;\"><span style=\"color: #ffffff !important;\">Das Weingut<\/span><\/strong><\/h1>\n<h1><span style=\"color: #ffffff; font-size: 40px;\">Papakonstantinou<\/span><\/h1>\n<p>[\/vc_column_text][vc_separator color=&#8220;white&#8220; align=&#8220;align_left&#8220; border_width=&#8220;3&#8243;][vc_column_text]<span><span><a href=\"https:\/\/biowines.gr\/de\/\">\u0391\u03c1\u03c7\u03b9\u03ba\u03ae<\/a><\/span><\/span>[\/vc_column_text][\/vc_column][\/vc_row][vc_row content_placement=&#8220;middle&#8220;][vc_column width=&#8220;1\/2&#8243;][vc_single_image image=&#8220;51&#8243; img_size=&#8220;full&#8220; alignment=&#8220;center&#8220;][\/vc_column][vc_column width=&#8220;1\/2&#8243;][vc_column_text]Mit Respekt vor dem Weinberg und dessen Erde und Reben, mit Leidenschaft f\u00fcr Wein und dem Ziel, jedes Jahr noch besser zu werden, hat unsere Familie das Weingut Papakonstantinou gegr\u00fcndet. Sie finden das Anwesen in Arma-Dimou Tanagra, nur 65 km von Athen entfernt.<\/p>\n<p>Seit seiner Gr\u00fcndung im Jahr 1986 legt unser Weingut die Qualit\u00e4tsma\u00dfst\u00e4be bis heute sehr hoch und kreiert die Rebsorten<strong>\u00a0Assyrtiko, Roditis und Savvatiano<\/strong>\u00a0f\u00fcr Wei\u00dfweine sowie Syrah und Grenache Rouge f\u00fcr Rot- und Rotweine.<\/p>\n<p>Ab\u00a0<strong>1995<\/strong>\u00a0wurde mit der biologischen Bewirtschaftung der Weinberge begonnen und\u00a0<strong>1998<\/strong>\u00a0wurde mit der Produktion der ersten Flaschenweine begonnen.<\/p>\n<p>Seit\u00a0<strong>2006<\/strong>\u00a0nimmt das Weingut mit neuen modernen Weinbereitungs- und Abf\u00fcllmethoden eine neue Form an. Nach einem schwierigen, aber erfolgreichen Weg der Bio-Weine in Griechenland und im Ausland begann im Jahr 2010 der biodynamische Anbau des Weinguts. Nach zwei Jahren systematischen biodynamischen Anbaus ist das\u00a0<strong>Weingut Papakonstantinou<\/strong>\u00a0das erste Weingut in Griechenland, das von Demeter International die Demeter-Zertifizierung f\u00fcr Anbau und Weinherstellung erhalten hat.<\/p>\n<p>Jedes Jahr nehmen wir an internationalen Ausstellungen f\u00fcr Bio-Produkte wie der Biofach in N\u00fcrnberg teil.<\/p>\n<p>Das Weingut Papaconstantinou ist auch in der Produktion von biologischem\/biodynamischem Essig in neuen modernen Anlagen t\u00e4tig, in denen die Produktion, Abf\u00fcllung und Standardisierung des Essigs erfolgt, den wir nach Europa und Amerika exportieren.[\/vc_column_text][\/vc_column][\/vc_row][vc_row full_width=&#8220;stretch_row&#8220; css=&#8220;.vc_custom_1730724512827{background-color: #f9f8f4 !important;}&#8220;][vc_column][vc_text_separator title=&#8220;Unsere Weine&#8220; title_align=&#8220;separator_align_left&#8220; align=&#8220;align_left&#8220;][\/vc_column][\/vc_row][vc_row full_width=&#8220;stretch_row&#8220; css=&#8220;.vc_custom_1730795905347{background-color: #f9f8f4 !important;}&#8220; el_class=&#8220;t1&#8243;][vc_column width=&#8220;1\/2&#8243;][vc_row_inner][vc_column_inner width=&#8220;2\/3&#8243;][vc_column_text]<\/p>\n<h2><a href=\"https:\/\/biowines.gr\/de\/portfolio-item\/syrah-wein\/\"><strong>Syrah Wein<\/strong><\/a><\/h2>\n<p>Biologischer Sortenwein.[\/vc_column_text][vc_separator][\/vc_column_inner][vc_column_inner width=&#8220;1\/3&#8243;][vc_single_image image=&#8220;123&#8243; img_size=&#8220;full&#8220; alignment=&#8220;center&#8220; onclick=&#8220;custom_link&#8220; link=&#8220;https:\/\/biowines.gr\/de\/portfolio-item\/syrah-wein\/&#8220;][\/vc_column_inner][\/vc_row_inner][\/vc_column][vc_column width=&#8220;1\/2&#8243;][vc_row_inner][vc_column_inner width=&#8220;2\/3&#8243;][vc_column_text]<\/p>\n<h2><a href=\"https:\/\/biowines.gr\/de\/portfolio-item\/rose-wein\/\"><strong>Rose Wein <\/strong><\/a><\/h2>\n<p>Biologischer Sortenwein.[\/vc_column_text][vc_separator][\/vc_column_inner][vc_column_inner width=&#8220;1\/3&#8243;][vc_single_image image=&#8220;103&#8243; img_size=&#8220;full&#8220; alignment=&#8220;center&#8220; onclick=&#8220;custom_link&#8220; link=&#8220;https:\/\/biowines.gr\/de\/portfolio-item\/rose-wein\/&#8220;][\/vc_column_inner][\/vc_row_inner][\/vc_column][\/vc_row][vc_row full_width=&#8220;stretch_row&#8220; css=&#8220;.vc_custom_1730795979027{margin-top: -70px !important;background-color: #f9f8f4 !important;}&#8220; el_class=&#8220;t1&#8243;][vc_column width=&#8220;1\/2&#8243;][vc_row_inner][vc_column_inner width=&#8220;2\/3&#8243;][vc_column_text]<\/p>\n<h2><a href=\"https:\/\/biowines.gr\/de\/portfolio-item\/assyrtiko-wein\/\"><strong>Assyrtiko Wein<\/strong><\/a><\/h2>\n<p>Biologischer Sortenwein.[\/vc_column_text][vc_separator][\/vc_column_inner][vc_column_inner width=&#8220;1\/3&#8243;][vc_single_image image=&#8220;127&#8243; img_size=&#8220;full&#8220; alignment=&#8220;center&#8220; onclick=&#8220;custom_link&#8220; link=&#8220;https:\/\/biowines.gr\/de\/portfolio-item\/assyrtiko-wein\/&#8220;][\/vc_column_inner][\/vc_row_inner][\/vc_column][vc_column width=&#8220;1\/2&#8243;][vc_row_inner][vc_column_inner width=&#8220;2\/3&#8243;][vc_column_text]<\/p>\n<h2><a href=\"https:\/\/biowines.gr\/de\/portfolio-item\/retsina-wein\/\"><strong>Retsina Wein<\/strong><\/a><\/h2>\n<p>Biologischer Sortenwein.[\/vc_column_text][vc_separator][\/vc_column_inner][vc_column_inner width=&#8220;1\/3&#8243;][vc_single_image image=&#8220;131&#8243; img_size=&#8220;full&#8220; alignment=&#8220;center&#8220; onclick=&#8220;custom_link&#8220; link=&#8220;https:\/\/biowines.gr\/de\/portfolio-item\/retsina-wein\/&#8220;][\/vc_column_inner][\/vc_row_inner][\/vc_column][\/vc_row]<\/p>\n<\/div>","protected":false},"excerpt":{"rendered":"<p>[vc_row full_width=&#8220;stretch_row&#8220; css=&#8220;.vc_custom_1730724017932{background-image: url(https:\/\/biowines.gr\/new\/wp-content\/uploads\/2024\/11\/oinoi.jpg?id=151) !important;}&#8220;][vc_column css=&#8220;.vc_custom_1730467713027{padding-top: 200px !important;padding-bottom: 200px !important;}&#8220;][vc_column_text] Das Weingut Papakonstantinou [\/vc_column_text][vc_separator color=&#8220;white&#8220; align=&#8220;align_left&#8220; border_width=&#8220;3&#8243;][vc_column_text][\/vc_column_text][\/vc_column][\/vc_row][vc_row content_placement=&#8220;middle&#8220;][vc_column width=&#8220;1\/2&#8243;][vc_single_image image=&#8220;51&#8243; img_size=&#8220;full&#8220; alignment=&#8220;center&#8220;][\/vc_column][vc_column width=&#8220;1\/2&#8243;][vc_column_text]Mit Respekt vor dem<span class=\"excerpt-hellip\"> [\u2026]<\/span><\/p>\n","protected":false},"author":1,"featured_media":0,"parent":0,"menu_order":0,"comment_status":"closed","ping_status":"closed","template":"","meta":{"footnotes":""},"class_list":["post-166","page","type-page","status-publish","hentry"],"yoast_head":"<!-- This site is optimized with the Yoast SEO plugin v23.7 - https:\/\/yoast.com\/wordpress\/plugins\/seo\/ -->\n<title>Weingut - Bio Wines - \u03a3\u03c7\u03b7\u03bc\u03b1\u03c4\u03ac\u03c1\u03b9 \u0392\u03bf\u03b9\u03c9\u03c4\u03af\u03b1\u03c2<\/title>\n<meta name=\"robots\" content=\"index, follow, max-snippet:-1, max-image-preview:large, max-video-preview:-1\" \/>\n<link rel=\"canonical\" href=\"https:\/\/biowines.gr\/de\/weingut\/\" \/>\n<meta property=\"og:locale\" content=\"de_DE\" \/>\n<meta property=\"og:type\" content=\"article\" \/>\n<meta property=\"og:title\" content=\"Weingut - Bio Wines - \u03a3\u03c7\u03b7\u03bc\u03b1\u03c4\u03ac\u03c1\u03b9 \u0392\u03bf\u03b9\u03c9\u03c4\u03af\u03b1\u03c2\" \/>\n<meta property=\"og:description\" content=\"[vc_row full_width=&#8220;stretch_row&#8220; css=&#8220;.vc_custom_1730724017932{background-image: url(https:\/\/biowines.gr\/new\/wp-content\/uploads\/2024\/11\/oinoi.jpg?id=151) !important;}&#8220;][vc_column css=&#8220;.vc_custom_1730467713027{padding-top: 200px !important;padding-bottom: 200px !important;}&#8220;][vc_column_text] Das Weingut Papakonstantinou [\/vc_column_text][vc_separator color=&#8220;white&#8220; align=&#8220;align_left&#8220; border_width=&#8220;3&#8243;][vc_column_text][\/vc_column_text][\/vc_column][\/vc_row][vc_row content_placement=&#8220;middle&#8220;][vc_column width=&#8220;1\/2&#8243;][vc_single_image image=&#8220;51&#8243; img_size=&#8220;full&#8220; alignment=&#8220;center&#8220;][\/vc_column][vc_column width=&#8220;1\/2&#8243;][vc_column_text]Mit Respekt vor dem [\u2026]\" \/>\n<meta property=\"og:url\" content=\"https:\/\/biowines.gr\/de\/weingut\/\" \/>\n<meta property=\"og:site_name\" content=\"Bio Wines - \u03a3\u03c7\u03b7\u03bc\u03b1\u03c4\u03ac\u03c1\u03b9 \u0392\u03bf\u03b9\u03c9\u03c4\u03af\u03b1\u03c2\" \/>\n<meta property=\"article:modified_time\" content=\"2025-05-22T06:30:51+00:00\" \/>\n<meta name=\"twitter:card\" content=\"summary_large_image\" \/>\n<meta name=\"twitter:label1\" content=\"Gesch\u00e4tzte Lesezeit\" \/>\n\t<meta name=\"twitter:data1\" content=\"2\u00a0Minuten\" \/>\n<script type=\"application\/ld+json\" class=\"yoast-schema-graph\">{\"@context\":\"https:\/\/schema.org\",\"@graph\":[{\"@type\":\"WebPage\",\"@id\":\"https:\/\/biowines.gr\/de\/weingut\/\",\"url\":\"https:\/\/biowines.gr\/de\/weingut\/\",\"name\":\"Weingut - Bio Wines - \u03a3\u03c7\u03b7\u03bc\u03b1\u03c4\u03ac\u03c1\u03b9 \u0392\u03bf\u03b9\u03c9\u03c4\u03af\u03b1\u03c2\",\"isPartOf\":{\"@id\":\"https:\/\/biowines.gr\/#website\"},\"datePublished\":\"2024-11-04T13:24:57+00:00\",\"dateModified\":\"2025-05-22T06:30:51+00:00\",\"breadcrumb\":{\"@id\":\"https:\/\/biowines.gr\/de\/weingut\/#breadcrumb\"},\"inLanguage\":\"de\",\"potentialAction\":[{\"@type\":\"ReadAction\",\"target\":[\"https:\/\/biowines.gr\/de\/weingut\/\"]}]},{\"@type\":\"BreadcrumbList\",\"@id\":\"https:\/\/biowines.gr\/de\/weingut\/#breadcrumb\",\"itemListElement\":[{\"@type\":\"ListItem\",\"position\":1,\"name\":\"\u0391\u03c1\u03c7\u03b9\u03ba\u03ae\",\"item\":\"https:\/\/biowines.gr\/de\/\"},{\"@type\":\"ListItem\",\"position\":2,\"name\":\"Weingut\"}]},{\"@type\":\"WebSite\",\"@id\":\"https:\/\/biowines.gr\/#website\",\"url\":\"https:\/\/biowines.gr\/\",\"name\":\"Bio Wines - \u03a3\u03c7\u03b7\u03bc\u03b1\u03c4\u03ac\u03c1\u03b9 \u0392\u03bf\u03b9\u03c9\u03c4\u03af\u03b1\u03c2\",\"description\":\"\",\"potentialAction\":[{\"@type\":\"SearchAction\",\"target\":{\"@type\":\"EntryPoint\",\"urlTemplate\":\"https:\/\/biowines.gr\/?s={search_term_string}\"},\"query-input\":{\"@type\":\"PropertyValueSpecification\",\"valueRequired\":true,\"valueName\":\"search_term_string\"}}],\"inLanguage\":\"de\"}]}<\/script>\n<!-- \/ Yoast SEO plugin. -->","yoast_head_json":{"title":"Weingut - Bio Wines - \u03a3\u03c7\u03b7\u03bc\u03b1\u03c4\u03ac\u03c1\u03b9 \u0392\u03bf\u03b9\u03c9\u03c4\u03af\u03b1\u03c2","robots":{"index":"index","follow":"follow","max-snippet":"max-snippet:-1","max-image-preview":"max-image-preview:large","max-video-preview":"max-video-preview:-1"},"canonical":"https:\/\/biowines.gr\/de\/weingut\/","og_locale":"de_DE","og_type":"article","og_title":"Weingut - Bio Wines - \u03a3\u03c7\u03b7\u03bc\u03b1\u03c4\u03ac\u03c1\u03b9 \u0392\u03bf\u03b9\u03c9\u03c4\u03af\u03b1\u03c2","og_description":"[vc_row full_width=&#8220;stretch_row&#8220; css=&#8220;.vc_custom_1730724017932{background-image: url(https:\/\/biowines.gr\/new\/wp-content\/uploads\/2024\/11\/oinoi.jpg?id=151) !important;}&#8220;][vc_column css=&#8220;.vc_custom_1730467713027{padding-top: 200px !important;padding-bottom: 200px !important;}&#8220;][vc_column_text] Das Weingut Papakonstantinou [\/vc_column_text][vc_separator color=&#8220;white&#8220; align=&#8220;align_left&#8220; border_width=&#8220;3&#8243;][vc_column_text][\/vc_column_text][\/vc_column][\/vc_row][vc_row content_placement=&#8220;middle&#8220;][vc_column width=&#8220;1\/2&#8243;][vc_single_image image=&#8220;51&#8243; img_size=&#8220;full&#8220; alignment=&#8220;center&#8220;][\/vc_column][vc_column width=&#8220;1\/2&#8243;][vc_column_text]Mit Respekt vor dem [\u2026]","og_url":"https:\/\/biowines.gr\/de\/weingut\/","og_site_name":"Bio Wines - \u03a3\u03c7\u03b7\u03bc\u03b1\u03c4\u03ac\u03c1\u03b9 \u0392\u03bf\u03b9\u03c9\u03c4\u03af\u03b1\u03c2","article_modified_time":"2025-05-22T06:30:51+00:00","twitter_card":"summary_large_image","twitter_misc":{"Gesch\u00e4tzte Lesezeit":"2\u00a0Minuten"},"schema":{"@context":"https:\/\/schema.org","@graph":[{"@type":"WebPage","@id":"https:\/\/biowines.gr\/de\/weingut\/","url":"https:\/\/biowines.gr\/de\/weingut\/","name":"Weingut - Bio Wines - \u03a3\u03c7\u03b7\u03bc\u03b1\u03c4\u03ac\u03c1\u03b9 \u0392\u03bf\u03b9\u03c9\u03c4\u03af\u03b1\u03c2","isPartOf":{"@id":"https:\/\/biowines.gr\/#website"},"datePublished":"2024-11-04T13:24:57+00:00","dateModified":"2025-05-22T06:30:51+00:00","breadcrumb":{"@id":"https:\/\/biowines.gr\/de\/weingut\/#breadcrumb"},"inLanguage":"de","potentialAction":[{"@type":"ReadAction","target":["https:\/\/biowines.gr\/de\/weingut\/"]}]},{"@type":"BreadcrumbList","@id":"https:\/\/biowines.gr\/de\/weingut\/#breadcrumb","itemListElement":[{"@type":"ListItem","position":1,"name":"\u0391\u03c1\u03c7\u03b9\u03ba\u03ae","item":"https:\/\/biowines.gr\/de\/"},{"@type":"ListItem","position":2,"name":"Weingut"}]},{"@type":"WebSite","@id":"https:\/\/biowines.gr\/#website","url":"https:\/\/biowines.gr\/","name":"Bio Wines - \u03a3\u03c7\u03b7\u03bc\u03b1\u03c4\u03ac\u03c1\u03b9 \u0392\u03bf\u03b9\u03c9\u03c4\u03af\u03b1\u03c2","description":"","potentialAction":[{"@type":"SearchAction","target":{"@type":"EntryPoint","urlTemplate":"https:\/\/biowines.gr\/?s={search_term_string}"},"query-input":{"@type":"PropertyValueSpecification","valueRequired":true,"valueName":"search_term_string"}}],"inLanguage":"de"}]}},"_links":{"self":[{"href":"https:\/\/biowines.gr\/de\/wp-json\/wp\/v2\/pages\/166","targetHints":{"allow":["GET"]}}],"collection":[{"href":"https:\/\/biowines.gr\/de\/wp-json\/wp\/v2\/pages"}],"about":[{"href":"https:\/\/biowines.gr\/de\/wp-json\/wp\/v2\/types\/page"}],"author":[{"embeddable":true,"href":"https:\/\/biowines.gr\/de\/wp-json\/wp\/v2\/users\/1"}],"replies":[{"embeddable":true,"href":"https:\/\/biowines.gr\/de\/wp-json\/wp\/v2\/comments?post=166"}],"version-history":[{"count":13,"href":"https:\/\/biowines.gr\/de\/wp-json\/wp\/v2\/pages\/166\/revisions"}],"predecessor-version":[{"id":290,"href":"https:\/\/biowines.gr\/de\/wp-json\/wp\/v2\/pages\/166\/revisions\/290"}],"wp:attachment":[{"href":"https:\/\/biowines.gr\/de\/wp-json\/wp\/v2\/media?parent=166"}],"curies":[{"name":"wp","href":"https:\/\/api.w.org\/{rel}","templated":true}]}}